{"id":872,"date":"2016-03-07T17:13:53","date_gmt":"2016-03-07T16:13:53","guid":{"rendered":"http:\/\/www.fauxpas.sk\/?page_id=872"},"modified":"2021-10-01T12:52:31","modified_gmt":"2021-10-01T10:52:31","slug":"divizia-uctovnictvo","status":"publish","type":"page","link":"http:\/\/www.bluebear.sk\/?page_id=872","title":{"rendered":"Div\u00edzia \u00fa\u010dtovn\u00edctvo"},"content":{"rendered":"<div id=\"pl-872\"  class=\"panel-layout\" ><div id=\"pg-872-0\"  class=\"panel-grid panel-no-style\" ><div id=\"pgc-872-0-0\"  class=\"panel-grid-cell\" ><div id=\"panel-872-0-0-0\" class=\"so-panel widget widget_sow-editor panel-first-child panel-last-child\" data-index=\"0\" ><div\n\t\t\t\n\t\t\tclass=\"so-widget-sow-editor so-widget-sow-editor-base\"\n\t\t\t\n\t\t>\n<div class=\"siteorigin-widget-tinymce textwidget\">\n\t<p>VEDENIE \u00da\u010cTOVN\u00cdCTVA A EKONOMICK\u00c9 PORADENSTVO OBCHODN\u00ddCH SPOLO\u010cNOST\u00cd<\/p>\n<p>- komplexn\u00e9 vedenie podvojn\u00e9ho \u00fa\u010dtovn\u00edctva<br \/>\n- spracovanie mzdovej agendy<br \/>\n- spracovanie \u00fa\u010dtovnej z\u00e1vierky<br \/>\n- spracovanie da\u0148ov\u00e9ho priznania pre DPH<br \/>\n- spracovanie da\u0148ov\u00e9ho priznania pre da\u0148 z pr\u00edjmov<br \/>\n- spracovanie da\u0148ov\u00e9ho priznania pre da\u0148 z motorov\u00fdch vozidiel<br \/>\n- spracovanie da\u0148ov\u00e9ho priznania pre da\u0148 z nehnute\u013enost\u00ed<br \/>\n- spracovanie podkladov pre zbierku list\u00edn obchodn\u00e9ho registra<br \/>\n- spracovanie \u0161tatistick\u00fdch v\u00fdkazov<br \/>\n- zabezpe\u010denie registr\u00e1cie jednotliv\u00fdch druhov dan\u00ed<br \/>\n- tvorba finan\u010dn\u00fdch pl\u00e1nov, rozpo\u010dtov a anal\u00fdz<br \/>\n- controlling prev\u00e1dzkov\u00fdch n\u00e1kladov<br \/>\n- ekonomick\u00e9 a \u00fa\u010dtovn\u00e9 poradenstvo<\/p>\n<p>Kontakt:<br \/>\nViliam Alm\u00e1\u0161i<br \/>\ntel.: +421 905 461 860<br \/>\n<a href=\"mailto:almasi@bluebear.sk\">almasi@bluebear.sk<\/a><\/p>\n<\/div>\n<\/div><\/div><\/div><\/div><\/div>","protected":false},"excerpt":{"rendered":"<p>VEDENIE \u00da\u010cTOVN\u00cdCTVA A EKONOMICK\u00c9 PORADENSTVO OBCHODN\u00ddCH SPOLO\u010cNOST\u00cd &#8211; komplexn\u00e9 vedenie podvojn\u00e9ho \u00fa\u010dtovn\u00edctva &#8211; spracovanie mzdovej agendy &#8211; spracovanie \u00fa\u010dtovnej z\u00e1vierky &#8211; spracovanie da\u0148ov\u00e9ho priznania pre DPH &#8211; spracovanie da\u0148ov\u00e9ho priznania pre da\u0148 z pr\u00edjmov &#8211; spracovanie da\u0148ov\u00e9ho priznania pre da\u0148 z motorov\u00fdch vozidiel &#8211; spracovanie da\u0148ov\u00e9ho priznania pre da\u0148 z nehnute\u013enost\u00ed &#8211; spracovanie podkladov pre &hellip;<\/p>\n","protected":false},"author":1,"featured_media":0,"parent":0,"menu_order":0,"comment_status":"closed","ping_status":"closed","template":"","meta":[],"_links":{"self":[{"href":"http:\/\/www.bluebear.sk\/index.php?rest_route=\/wp\/v2\/pages\/872"}],"collection":[{"href":"http:\/\/www.bluebear.sk\/index.php?rest_route=\/wp\/v2\/pages"}],"about":[{"href":"http:\/\/www.bluebear.sk\/index.php?rest_route=\/wp\/v2\/types\/page"}],"author":[{"embeddable":true,"href":"http:\/\/www.bluebear.sk\/index.php?rest_route=\/wp\/v2\/users\/1"}],"replies":[{"embeddable":true,"href":"http:\/\/www.bluebear.sk\/index.php?rest_route=%2Fwp%2Fv2%2Fcomments&post=872"}],"version-history":[{"count":4,"href":"http:\/\/www.bluebear.sk\/index.php?rest_route=\/wp\/v2\/pages\/872\/revisions"}],"predecessor-version":[{"id":1086,"href":"http:\/\/www.bluebear.sk\/index.php?rest_route=\/wp\/v2\/pages\/872\/revisions\/1086"}],"wp:attachment":[{"href":"http:\/\/www.bluebear.sk\/index.php?rest_route=%2Fwp%2Fv2%2Fmedia&parent=872"}],"curies":[{"name":"wp","href":"https:\/\/api.w.org\/{rel}","templated":true}]}}