{"id":688,"date":"2016-02-25T03:08:16","date_gmt":"2016-02-25T03:08:16","guid":{"rendered":"http:\/\/www.muzeumrabstejn.cz\/?page_id=688"},"modified":"2021-10-01T12:56:34","modified_gmt":"2021-10-01T10:56:34","slug":"referencie","status":"publish","type":"page","link":"http:\/\/www.bluebear.sk\/?page_id=688","title":{"rendered":"Referencie"},"content":{"rendered":"<div id=\"pl-688\"  class=\"panel-layout\" ><div id=\"pg-688-0\"  class=\"panel-grid panel-no-style\" ><div id=\"pgc-688-0-0\"  class=\"panel-grid-cell\" ><div id=\"panel-688-0-0-0\" class=\"so-panel widget widget_sow-editor panel-first-child panel-last-child\" data-index=\"0\" ><div\n\t\t\t\n\t\t\tclass=\"so-widget-sow-editor so-widget-sow-editor-base\"\n\t\t\t\n\t\t>\n<div class=\"siteorigin-widget-tinymce textwidget\">\n\t<p>PHOENIX \u2013 zdravotn\u00edcke z\u00e1sobovanie<br \/>\nSLAVIA CAPITAL \u2013 investi\u010dn\u00fd dom<br \/>\nPROMEA COMMUNICATION - reklamn\u00e1 agent\u00fara<br \/>\nPINTAS \u2013 produk\u010dn\u00e1 agent\u00fara<br \/>\nSEESAME (Interel) - public relations agency<br \/>\nTIMUR &amp; PARTNERS - projekty E\u00da<br \/>\nMUREXIN-AUSTROTHERM - stavebn\u00e1 ch\u00e9mia<br \/>\nGTS Slovakia (Telenor Networks) - internet provider<br \/>\nAPEL PUBLIC - public relations agency<br \/>\nZEON - Centro Nitra Shopping Centre<br \/>\nPALMA Group - v\u00fdroba rastlinn\u00fdch olejov a tukov<br \/>\nFRESH AGENCY - produk\u010dn\u00e1 agent\u00fara<br \/>\nTV JOJ<br \/>\nPOPPINS - children\u015b creative concept<br \/>\nSNG - slovensk\u00e1 n\u00e1rodn\u00e1 gal\u00e9ria<br \/>\nTEATRO NELINE - divadlo pre deti<br \/>\nUNICEF - the united nations children\u00b4s fund<br \/>\nIWC - international women\u00b4s club<br \/>\nSPV - slovensk\u00fd paralympijsk\u00fd v\u00fdbor<br \/>\nALBRECHT - hotel<br \/>\nSUSAN KOVALIK AND ASSOCIATES - the center for effective learning<br \/>\nCAMP AMERICA - cultural exchange summer jobs in america<br \/>\nENC - eagle\u00b4s nest camp<br \/>\nRC R\u00c1\u010cIK - rodinn\u00e9 centrum<br \/>\nBIBIANA - revue o umen\u00ed pre deti a ml\u00e1de\u017e<br \/>\nDOBR\u00c1 \u0160KOLA - \u010dasopis pre u\u010dite\u013eov, ktor\u00ed chc\u00fa by\u0165 lep\u0161\u00ed<br \/>\nBIBIANA - medzin\u00e1rodn\u00fd dom umenia pre deti<\/p>\n<\/div>\n<\/div><\/div><\/div><\/div><\/div>","protected":false},"excerpt":{"rendered":"<p>PHOENIX \u2013 zdravotn\u00edcke z\u00e1sobovanie SLAVIA CAPITAL \u2013 investi\u010dn\u00fd dom PROMEA COMMUNICATION &#8211; reklamn\u00e1 agent\u00fara PINTAS \u2013 produk\u010dn\u00e1 agent\u00fara SEESAME (Interel) &#8211; public relations agency TIMUR &amp; PARTNERS &#8211; projekty E\u00da MUREXIN-AUSTROTHERM &#8211; stavebn\u00e1 ch\u00e9mia GTS Slovakia (Telenor Networks) &#8211; internet provider APEL PUBLIC &#8211; public relations agency ZEON &#8211; Centro Nitra Shopping Centre PALMA Group &hellip;<\/p>\n","protected":false},"author":1,"featured_media":0,"parent":0,"menu_order":0,"comment_status":"closed","ping_status":"closed","template":"","meta":[],"_links":{"self":[{"href":"http:\/\/www.bluebear.sk\/index.php?rest_route=\/wp\/v2\/pages\/688"}],"collection":[{"href":"http:\/\/www.bluebear.sk\/index.php?rest_route=\/wp\/v2\/pages"}],"about":[{"href":"http:\/\/www.bluebear.sk\/index.php?rest_route=\/wp\/v2\/types\/page"}],"author":[{"embeddable":true,"href":"http:\/\/www.bluebear.sk\/index.php?rest_route=\/wp\/v2\/users\/1"}],"replies":[{"embeddable":true,"href":"http:\/\/www.bluebear.sk\/index.php?rest_route=%2Fwp%2Fv2%2Fcomments&post=688"}],"version-history":[{"count":9,"href":"http:\/\/www.bluebear.sk\/index.php?rest_route=\/wp\/v2\/pages\/688\/revisions"}],"predecessor-version":[{"id":1093,"href":"http:\/\/www.bluebear.sk\/index.php?rest_route=\/wp\/v2\/pages\/688\/revisions\/1093"}],"wp:attachment":[{"href":"http:\/\/www.bluebear.sk\/index.php?rest_route=%2Fwp%2Fv2%2Fmedia&parent=688"}],"curies":[{"name":"wp","href":"https:\/\/api.w.org\/{rel}","templated":true}]}}