{"id":598,"date":"2016-02-18T07:21:58","date_gmt":"2016-02-18T07:21:58","guid":{"rendered":"http:\/\/www.muzeumrabstejn.cz\/?page_id=598"},"modified":"2021-10-01T12:53:37","modified_gmt":"2021-10-01T10:53:37","slug":"pekne-veci","status":"publish","type":"page","link":"http:\/\/www.bluebear.sk\/?page_id=598","title":{"rendered":"Pekn\u00e9 veci"},"content":{"rendered":"<div id=\"pl-598\"  class=\"panel-layout\" ><div id=\"pg-598-0\"  class=\"panel-grid panel-no-style\" ><div id=\"pgc-598-0-0\"  class=\"panel-grid-cell\" ><div id=\"panel-598-0-0-0\" class=\"so-panel widget widget_sow-editor panel-first-child panel-last-child\" data-index=\"0\" ><div\n\t\t\t\n\t\t\tclass=\"so-widget-sow-editor so-widget-sow-editor-base\"\n\t\t\t\n\t\t>\n<div class=\"siteorigin-widget-tinymce textwidget\">\n\t<div id='gallery-1' class='gallery galleryid-598 gallery-columns-5 gallery-size-thumbnail'><figure class='gallery-item'>\n\t\t\t<div class='gallery-icon landscape'>\n\t\t\t\t<a href='http:\/\/www.bluebear.sk\/wp-content\/uploads\/2016\/02\/1fab6b06d59acf1210f14f2b432351eb.jpg' title=\"\" data-rl_title=\"\" class=\"rl-gallery-link\" data-rl_caption=\"\" data-rel=\"attachment-gallery-1\"><img width=\"106\" height=\"106\" src=\"http:\/\/www.bluebear.sk\/wp-content\/uploads\/2016\/02\/1fab6b06d59acf1210f14f2b432351eb-106x106.jpg\" class=\"attachment-thumbnail size-thumbnail\" alt=\"\" loading=\"lazy\" srcset=\"http:\/\/www.bluebear.sk\/wp-content\/uploads\/2016\/02\/1fab6b06d59acf1210f14f2b432351eb-106x106.jpg 106w, http:\/\/www.bluebear.sk\/wp-content\/uploads\/2016\/02\/1fab6b06d59acf1210f14f2b432351eb-180x180.jpg 180w, http:\/\/www.bluebear.sk\/wp-content\/uploads\/2016\/02\/1fab6b06d59acf1210f14f2b432351eb-300x300.jpg 300w\" sizes=\"(max-width: 106px) 100vw, 106px\" \/><\/a>\n\t\t\t<\/div><\/figure><figure class='gallery-item'>\n\t\t\t<div class='gallery-icon portrait'>\n\t\t\t\t<a href='http:\/\/www.bluebear.sk\/wp-content\/uploads\/2016\/02\/0ad58965874b27b4d040eac160161d61.jpg' title=\"\" data-rl_title=\"\" class=\"rl-gallery-link\" data-rl_caption=\"\" data-rel=\"attachment-gallery-1\"><img width=\"106\" height=\"106\" src=\"http:\/\/www.bluebear.sk\/wp-content\/uploads\/2016\/02\/0ad58965874b27b4d040eac160161d61-150x150.jpg\" class=\"attachment-thumbnail size-thumbnail\" alt=\"\" loading=\"lazy\" srcset=\"http:\/\/www.bluebear.sk\/wp-content\/uploads\/2016\/02\/0ad58965874b27b4d040eac160161d61-150x150.jpg 150w, http:\/\/www.bluebear.sk\/wp-content\/uploads\/2016\/02\/0ad58965874b27b4d040eac160161d61-180x180.jpg 180w, http:\/\/www.bluebear.sk\/wp-content\/uploads\/2016\/02\/0ad58965874b27b4d040eac160161d61-300x300.jpg 300w, http:\/\/www.bluebear.sk\/wp-content\/uploads\/2016\/02\/0ad58965874b27b4d040eac160161d61-500x500.jpg 500w\" sizes=\"(max-width: 106px) 100vw, 106px\" \/><\/a>\n\t\t\t<\/div><\/figure><figure class='gallery-item'>\n\t\t\t<div class='gallery-icon landscape'>\n\t\t\t\t<a href='http:\/\/www.bluebear.sk\/wp-content\/uploads\/2016\/02\/3_27_10_LyndsayC_FitzhughK22293.jpg' title=\"\" data-rl_title=\"\" class=\"rl-gallery-link\" data-rl_caption=\"\" data-rel=\"attachment-gallery-1\"><img width=\"106\" height=\"106\" src=\"http:\/\/www.bluebear.sk\/wp-content\/uploads\/2016\/02\/3_27_10_LyndsayC_FitzhughK22293-106x106.jpg\" class=\"attachment-thumbnail size-thumbnail\" alt=\"\" loading=\"lazy\" srcset=\"http:\/\/www.bluebear.sk\/wp-content\/uploads\/2016\/02\/3_27_10_LyndsayC_FitzhughK22293-106x106.jpg 106w, http:\/\/www.bluebear.sk\/wp-content\/uploads\/2016\/02\/3_27_10_LyndsayC_FitzhughK22293-180x180.jpg 180w, http:\/\/www.bluebear.sk\/wp-content\/uploads\/2016\/02\/3_27_10_LyndsayC_FitzhughK22293-300x300.jpg 300w, http:\/\/www.bluebear.sk\/wp-content\/uploads\/2016\/02\/3_27_10_LyndsayC_FitzhughK22293-600x600.jpg 600w\" sizes=\"(max-width: 106px) 100vw, 106px\" \/><\/a>\n\t\t\t<\/div><\/figure><figure class='gallery-item'>\n\t\t\t<div class='gallery-icon portrait'>\n\t\t\t\t<a href='http:\/\/www.bluebear.sk\/wp-content\/uploads\/2016\/02\/3f63c76d1402ed051763f394e051c3ca.jpg' title=\"\" data-rl_title=\"\" class=\"rl-gallery-link\" data-rl_caption=\"\" data-rel=\"attachment-gallery-1\"><img width=\"106\" height=\"106\" src=\"http:\/\/www.bluebear.sk\/wp-content\/uploads\/2016\/02\/3f63c76d1402ed051763f394e051c3ca-106x106.jpg\" class=\"attachment-thumbnail size-thumbnail\" alt=\"\" loading=\"lazy\" srcset=\"http:\/\/www.bluebear.sk\/wp-content\/uploads\/2016\/02\/3f63c76d1402ed051763f394e051c3ca-106x106.jpg 106w, http:\/\/www.bluebear.sk\/wp-content\/uploads\/2016\/02\/3f63c76d1402ed051763f394e051c3ca-180x180.jpg 180w, http:\/\/www.bluebear.sk\/wp-content\/uploads\/2016\/02\/3f63c76d1402ed051763f394e051c3ca-300x300.jpg 300w\" sizes=\"(max-width: 106px) 100vw, 106px\" \/><\/a>\n\t\t\t<\/div><\/figure><figure class='gallery-item'>\n\t\t\t<div class='gallery-icon portrait'>\n\t\t\t\t<a href='http:\/\/www.bluebear.sk\/wp-content\/uploads\/2016\/02\/2ad21dd19551387394d15007a2940cf3-533x800.jpg' title=\"\" data-rl_title=\"\" class=\"rl-gallery-link\" data-rl_caption=\"\" data-rel=\"attachment-gallery-1\"><img width=\"106\" height=\"106\" src=\"http:\/\/www.bluebear.sk\/wp-content\/uploads\/2016\/02\/2ad21dd19551387394d15007a2940cf3-106x106.jpg\" class=\"attachment-thumbnail size-thumbnail\" alt=\"\" loading=\"lazy\" srcset=\"http:\/\/www.bluebear.sk\/wp-content\/uploads\/2016\/02\/2ad21dd19551387394d15007a2940cf3-106x106.jpg 106w, http:\/\/www.bluebear.sk\/wp-content\/uploads\/2016\/02\/2ad21dd19551387394d15007a2940cf3-180x180.jpg 180w, http:\/\/www.bluebear.sk\/wp-content\/uploads\/2016\/02\/2ad21dd19551387394d15007a2940cf3-300x300.jpg 300w, http:\/\/www.bluebear.sk\/wp-content\/uploads\/2016\/02\/2ad21dd19551387394d15007a2940cf3-600x600.jpg 600w\" sizes=\"(max-width: 106px) 100vw, 106px\" \/><\/a>\n\t\t\t<\/div><\/figure><figure class='gallery-item'>\n\t\t\t<div class='gallery-icon landscape'>\n\t\t\t\t<a href='http:\/\/www.bluebear.sk\/wp-content\/uploads\/2016\/02\/002-sofas-roche-bobois.jpg' title=\"\" data-rl_title=\"\" class=\"rl-gallery-link\" data-rl_caption=\"\" data-rel=\"attachment-gallery-1\"><img width=\"106\" height=\"106\" src=\"http:\/\/www.bluebear.sk\/wp-content\/uploads\/2016\/02\/002-sofas-roche-bobois-106x106.jpg\" class=\"attachment-thumbnail size-thumbnail\" alt=\"\" loading=\"lazy\" srcset=\"http:\/\/www.bluebear.sk\/wp-content\/uploads\/2016\/02\/002-sofas-roche-bobois-106x106.jpg 106w, http:\/\/www.bluebear.sk\/wp-content\/uploads\/2016\/02\/002-sofas-roche-bobois-180x180.jpg 180w, http:\/\/www.bluebear.sk\/wp-content\/uploads\/2016\/02\/002-sofas-roche-bobois-300x300.jpg 300w\" sizes=\"(max-width: 106px) 100vw, 106px\" \/><\/a>\n\t\t\t<\/div><\/figure><figure class='gallery-item'>\n\t\t\t<div class='gallery-icon portrait'>\n\t\t\t\t<a href='http:\/\/www.bluebear.sk\/wp-content\/uploads\/2016\/02\/0cb7797e2d7257d7055527c4f81e0211.jpg' title=\"\" data-rl_title=\"\" class=\"rl-gallery-link\" data-rl_caption=\"\" data-rel=\"attachment-gallery-1\"><img width=\"106\" height=\"106\" src=\"http:\/\/www.bluebear.sk\/wp-content\/uploads\/2016\/02\/0cb7797e2d7257d7055527c4f81e0211-150x150.jpg\" class=\"attachment-thumbnail size-thumbnail\" alt=\"\" loading=\"lazy\" srcset=\"http:\/\/www.bluebear.sk\/wp-content\/uploads\/2016\/02\/0cb7797e2d7257d7055527c4f81e0211-150x150.jpg 150w, http:\/\/www.bluebear.sk\/wp-content\/uploads\/2016\/02\/0cb7797e2d7257d7055527c4f81e0211-180x180.jpg 180w, http:\/\/www.bluebear.sk\/wp-content\/uploads\/2016\/02\/0cb7797e2d7257d7055527c4f81e0211-300x300.jpg 300w, http:\/\/www.bluebear.sk\/wp-content\/uploads\/2016\/02\/0cb7797e2d7257d7055527c4f81e0211-600x600.jpg 600w\" sizes=\"(max-width: 106px) 100vw, 106px\" \/><\/a>\n\t\t\t<\/div><\/figure>\n\t\t<\/div>\n\n<p>&nbsp;<\/p>\n<p><strong>AK V\u00c1S NIE\u010cO OSLOVILO<\/strong><br \/>\n<strong> KONTAKTUJTE N\u00c1S<\/strong>:<br \/>\npekneveci@bluebear.sk<\/p>\n<\/div>\n<\/div><\/div><\/div><\/div><\/div>","protected":false},"excerpt":{"rendered":"<p>&nbsp; AK V\u00c1S NIE\u010cO OSLOVILO KONTAKTUJTE N\u00c1S: pekneveci@bluebear.sk<\/p>\n","protected":false},"author":1,"featured_media":0,"parent":0,"menu_order":0,"comment_status":"closed","ping_status":"closed","template":"","meta":[],"_links":{"self":[{"href":"http:\/\/www.bluebear.sk\/index.php?rest_route=\/wp\/v2\/pages\/598"}],"collection":[{"href":"http:\/\/www.bluebear.sk\/index.php?rest_route=\/wp\/v2\/pages"}],"about":[{"href":"http:\/\/www.bluebear.sk\/index.php?rest_route=\/wp\/v2\/types\/page"}],"author":[{"embeddable":true,"href":"http:\/\/www.bluebear.sk\/index.php?rest_route=\/wp\/v2\/users\/1"}],"replies":[{"embeddable":true,"href":"http:\/\/www.bluebear.sk\/index.php?rest_route=%2Fwp%2Fv2%2Fcomments&post=598"}],"version-history":[{"count":26,"href":"http:\/\/www.bluebear.sk\/index.php?rest_route=\/wp\/v2\/pages\/598\/revisions"}],"predecessor-version":[{"id":1090,"href":"http:\/\/www.bluebear.sk\/index.php?rest_route=\/wp\/v2\/pages\/598\/revisions\/1090"}],"wp:attachment":[{"href":"http:\/\/www.bluebear.sk\/index.php?rest_route=%2Fwp%2Fv2%2Fmedia&parent=598"}],"curies":[{"name":"wp","href":"https:\/\/api.w.org\/{rel}","templated":true}]}}