{"id":21,"date":"2015-02-18T14:46:11","date_gmt":"2015-02-18T14:46:11","guid":{"rendered":"http:\/\/xml-io.proteusthemes.com\/mentalpress\/?page_id=21"},"modified":"2022-08-14T13:13:26","modified_gmt":"2022-08-14T11:13:26","slug":"kontakt","status":"publish","type":"page","link":"http:\/\/www.bluebear.sk\/?page_id=21","title":{"rendered":"Kontakt"},"content":{"rendered":"<div id=\"pl-21\"  class=\"panel-layout\" ><div id=\"pg-21-0\"  class=\"panel-grid panel-no-style\" ><div id=\"pgc-21-0-0\"  class=\"panel-grid-cell\" ><div id=\"panel-21-0-0-0\" class=\"so-panel widget widget_black-studio-tinymce widget_black_studio_tinymce panel-first-child panel-last-child\" data-index=\"0\" ><div class=\"textwidget\"><p><strong>BLUEBEAR, s.r.o.<\/strong><br \/> R\u00e9vov\u00e1 7, 811 02 Bratislava<\/p>\n<p>I\u010cO: 31 629 440<br \/>I\u010c DPH: SK2020476733<\/p>\n<p>Katar\u00edna Kos\u00e1nov\u00e1<br \/> mana\u017e\u00e9r detsk\u00fdch akci\u00ed<br \/> tel.: +421 905 633 915<br \/> kosanova@bluebear.sk<\/p>\n<p>Viliam Alm\u00e1\u0161i<br \/> finan\u010dn\u00fd mana\u017e\u00e9r<br \/> tel.: +421 905 461 860<br \/> almasi@bluebear.sk<\/p>\n<p>Spolo\u010dnos\u0165 je zap\u00edsan\u00e1 v Obchodnom registri<br \/> Okresn\u00e9ho s\u00fadu Bratislava I, oddiel: Sro, vlo\u017eka \u010d.: 18094\/B<\/p>\n<\/div><\/div><\/div><\/div><div id=\"pg-21-1\"  class=\"panel-grid panel-has-style\" ><div class=\"panel-row-style panel-row-style-for-21-1\" ><div id=\"pgc-21-1-0\"  class=\"panel-grid-cell\" ><div id=\"panel-21-1-0-0\" class=\"so-panel widget widget_text panel-first-child panel-last-child\" data-index=\"1\" ><h3 class=\"widget-title\">Kontaktn\u00fd formul\u00e1r<\/h3>\t\t\t<div class=\"textwidget\"><div role=\"form\" class=\"wpcf7\" id=\"wpcf7-f17-o1\" lang=\"en-US\" dir=\"ltr\">\n<div class=\"screen-reader-response\"><p role=\"status\" aria-live=\"polite\" aria-atomic=\"true\"><\/p> <ul><\/ul><\/div>\n<form action=\"\/index.php?rest_route=%2Fwp%2Fv2%2Fpages%2F21#wpcf7-f17-o1\" method=\"post\" class=\"wpcf7-form init\" novalidate=\"novalidate\" data-status=\"init\">\n<div style=\"display: none;\">\n<input type=\"hidden\" name=\"_wpcf7\" value=\"17\" \/>\n<input type=\"hidden\" name=\"_wpcf7_version\" value=\"5.6.2\" \/>\n<input type=\"hidden\" name=\"_wpcf7_locale\" value=\"en_US\" \/>\n<input type=\"hidden\" name=\"_wpcf7_unit_tag\" value=\"wpcf7-f17-o1\" \/>\n<input type=\"hidden\" name=\"_wpcf7_container_post\" value=\"0\" \/>\n<input type=\"hidden\" name=\"_wpcf7_posted_data_hash\" value=\"\" \/>\n<input type=\"hidden\" name=\"_wpcf7_recaptcha_response\" value=\"\" \/>\n<\/div>\n<div class=\"row\">\n<div class=\"col-xs-12  col-sm-6\">\n       <span class=\"wpcf7-form-control-wrap\" data-name=\"your-name\"><input type=\"text\" name=\"your-name\" value=\"\" size=\"40\" class=\"wpcf7-form-control wpcf7-text wpcf7-validates-as-required\" aria-required=\"true\" aria-invalid=\"false\" placeholder=\"Meno\" \/><\/span><br \/>\n       <span class=\"wpcf7-form-control-wrap\" data-name=\"your-email\"><input type=\"email\" name=\"your-email\" value=\"\" size=\"40\" class=\"wpcf7-form-control wpcf7-text wpcf7-email wpcf7-validates-as-required wpcf7-validates-as-email\" aria-required=\"true\" aria-invalid=\"false\" placeholder=\"Email\" \/><\/span><br \/>\n       <span class=\"wpcf7-form-control-wrap\" data-name=\"your-subject\"><input type=\"text\" name=\"your-subject\" value=\"\" size=\"40\" class=\"wpcf7-form-control wpcf7-text\" aria-invalid=\"false\" placeholder=\"Predmet\" \/><\/span>\n    <\/div>\n<div class=\"col-xs-12  col-sm-6\">\n      <span class=\"wpcf7-form-control-wrap\" data-name=\"your-message\"><textarea name=\"your-message\" cols=\"40\" rows=\"10\" class=\"wpcf7-form-control wpcf7-textarea\" aria-invalid=\"false\" placeholder=\"Spr\u00e1va\"><\/textarea><\/span><br \/>\n      <input type=\"submit\" value=\"ODOSLA\u0164\" class=\"wpcf7-form-control has-spinner wpcf7-submit btn btn-primary\" \/>\n    <\/div>\n<\/div>\n<div class=\"wpcf7-response-output\" aria-hidden=\"true\"><\/div><\/form><\/div><\/div>\n\t\t<\/div><\/div><\/div><\/div><\/div>","protected":false},"excerpt":{"rendered":"<p>BLUEBEAR, s.r.o. R\u00e9vov\u00e1 7, 811 02 BratislavaI\u010cO: 31 629 440I\u010c DPH: SK2020476733Katar\u00edna Kos\u00e1nov\u00e1 mana\u017e\u00e9r detsk\u00fdch akci\u00ed tel.: +421 905 633 915 kosanova@bluebear.skViliam Alm\u00e1\u0161i finan\u010dn\u00fd mana\u017e\u00e9r tel.: +421 905 461 860 almasi@bluebear.skSpolo\u010dnos\u0165 je zap\u00edsan\u00e1 v Obchodnom registri Okresn\u00e9ho s\u00fadu Bratislava I, oddiel: Sro, vlo\u017eka \u010d.: 18094\/B<\/p>\n","protected":false},"author":1,"featured_media":0,"parent":0,"menu_order":0,"comment_status":"closed","ping_status":"closed","template":"","meta":[],"_links":{"self":[{"href":"http:\/\/www.bluebear.sk\/index.php?rest_route=\/wp\/v2\/pages\/21"}],"collection":[{"href":"http:\/\/www.bluebear.sk\/index.php?rest_route=\/wp\/v2\/pages"}],"about":[{"href":"http:\/\/www.bluebear.sk\/index.php?rest_route=\/wp\/v2\/types\/page"}],"author":[{"embeddable":true,"href":"http:\/\/www.bluebear.sk\/index.php?rest_route=\/wp\/v2\/users\/1"}],"replies":[{"embeddable":true,"href":"http:\/\/www.bluebear.sk\/index.php?rest_route=%2Fwp%2Fv2%2Fcomments&post=21"}],"version-history":[{"count":11,"href":"http:\/\/www.bluebear.sk\/index.php?rest_route=\/wp\/v2\/pages\/21\/revisions"}],"predecessor-version":[{"id":1096,"href":"http:\/\/www.bluebear.sk\/index.php?rest_route=\/wp\/v2\/pages\/21\/revisions\/1096"}],"wp:attachment":[{"href":"http:\/\/www.bluebear.sk\/index.php?rest_route=%2Fwp%2Fv2%2Fmedia&parent=21"}],"curies":[{"name":"wp","href":"https:\/\/api.w.org\/{rel}","templated":true}]}}